{"id":1940,"date":"2016-09-05T18:23:59","date_gmt":"2016-09-05T18:23:59","guid":{"rendered":"http:\/\/accessmedica.ca\/?page_id=1940&#038;lang=fr"},"modified":"2018-06-18T13:10:42","modified_gmt":"2018-06-18T13:10:42","slug":"prelevements","status":"publish","type":"page","link":"https:\/\/www.labaccessmed.ca\/fr\/home\/prelevements\/","title":{"rendered":"Services de pr\u00e9l\u00e8vements"},"content":{"rendered":"<section class=\"wpb-content-wrapper\"><p>[vc_row fullwidth=\u00a0\u00bbtrue\u00a0\u00bb][vc_column width=\u00a0\u00bb1\/2&Prime; el_class=\u00a0\u00bbmain_textbox\u00a0\u00bb][vc_row_inner][vc_column_inner][vc_custom_heading text=\u00a0\u00bbServices de pr\u00e9l\u00e8vements\u00a0\u00bb font_container=\u00a0\u00bbtag:h2|font_size:36|text_align:left\u00a0\u00bb use_theme_fonts=\u00a0\u00bbyes\u00a0\u00bb][vc_separator color=\u00a0\u00bbwhite\u00a0\u00bb align=\u00a0\u00bbalign_left\u00a0\u00bb][vc_column_text]Chez Laboratoire Access Med, nous comprenons que les tests sanguins sont essentiels \u00e0\u00a0l\u2019\u00e9valuation et au suivi de votre sant\u00e9.\u00a0 Nous comprenons \u00e9galement que votre temps est pr\u00e9cieux, ce service doit donc \u00eatre rendu rapidement et efficacement.<\/p>\n<p>Accr\u00e9dit\u00e9 et certifi\u00e9 par le gouvernement, notre laboratoire est \u00e9quip\u00e9 pour effectuer TOUTES vos demandes de d\u00e9pistages sanguins prescrites par votre m\u00e9decin sans devoir attendre durant des heures!<\/p>\n<h3><strong><span style=\"color: #ec1c24;\">Il n\u2019y a que 3 \u00e9tapes simples:<\/span><\/strong><\/h3>\n<ol>\n<li>Contactez-nous pour un rendez-vous au <span style=\"color: #ec1c24;\"><strong>(514) 782-2074<\/strong><\/span><\/li>\n<li>Envoyez-nous votre requ\u00eate prescrite par votre m\u00e9decin.<strong><span style=\"color: #ec1c24;\">**<\/span><\/strong><\/li>\n<li>Pr\u00e9sentez-vous avec votre requ\u00eate du m\u00e9decin lors de votre rendez-vous.<\/li>\n<\/ol>\n<p><strong><span style=\"color: #ec1c24;\">**Si vous n&rsquo;avez pas une prescription, contactez-nous afin que nous vous informons comment \u00e0\u00a0en obtenir une.<\/span><\/strong>[\/vc_column_text][\/vc_column_inner][\/vc_row_inner][\/vc_column][vc_column width=\u00a0\u00bb1\/2&Prime; el_class=\u00a0\u00bbtablet-col\u00a0\u00bb][vc_single_image image=\u00a0\u00bb2825&Prime; img_size=\u00a0\u00bbfull\u00a0\u00bb alignment=\u00a0\u00bbright\u00a0\u00bb][\/vc_column][\/vc_row]<\/p>\n<\/section>","protected":false},"excerpt":{"rendered":"<p>[vc_row fullwidth=\u00a0\u00bbtrue\u00a0\u00bb][vc_column width=\u00a0\u00bb1\/2&Prime; el_class=\u00a0\u00bbmain_textbox\u00a0\u00bb][vc_row_inner][vc_column_inner][vc_custom_heading text=\u00a0\u00bbServices de pr\u00e9l\u00e8vements\u00a0\u00bb font_container=\u00a0\u00bbtag:h2|font_size:36|text_align:left\u00a0\u00bb use_theme_fonts=\u00a0\u00bbyes\u00a0\u00bb][vc_separator color=\u00a0\u00bbwhite\u00a0\u00bb align=\u00a0\u00bbalign_left\u00a0\u00bb][vc_column_text]Chez Laboratoire Access Med, nous comprenons que les tests sanguins sont essentiels \u00e0\u00a0l\u2019\u00e9valuation et au suivi de votre sant\u00e9.\u00a0 Nous comprenons \u00e9galement que votre temps est pr\u00e9cieux, ce service doit donc \u00eatre rendu rapidement et efficacement. Accr\u00e9dit\u00e9 et certifi\u00e9 par le gouvernement, notre laboratoire est [&hellip;]<\/p>\n","protected":false},"author":8,"featured_media":0,"parent":1972,"menu_order":2,"comment_status":"closed","ping_status":"closed","template":"","meta":{"_mi_skip_tracking":false,"_monsterinsights_sitenote_active":false,"_monsterinsights_sitenote_note":"","_monsterinsights_sitenote_category":0},"_links":{"self":[{"href":"https:\/\/www.labaccessmed.ca\/fr\/wp-json\/wp\/v2\/pages\/1940"}],"collection":[{"href":"https:\/\/www.labaccessmed.ca\/fr\/wp-json\/wp\/v2\/pages"}],"about":[{"href":"https:\/\/www.labaccessmed.ca\/fr\/wp-json\/wp\/v2\/types\/page"}],"author":[{"embeddable":true,"href":"https:\/\/www.labaccessmed.ca\/fr\/wp-json\/wp\/v2\/users\/8"}],"replies":[{"embeddable":true,"href":"https:\/\/www.labaccessmed.ca\/fr\/wp-json\/wp\/v2\/comments?post=1940"}],"version-history":[{"count":24,"href":"https:\/\/www.labaccessmed.ca\/fr\/wp-json\/wp\/v2\/pages\/1940\/revisions"}],"predecessor-version":[{"id":2986,"href":"https:\/\/www.labaccessmed.ca\/fr\/wp-json\/wp\/v2\/pages\/1940\/revisions\/2986"}],"up":[{"embeddable":true,"href":"https:\/\/www.labaccessmed.ca\/fr\/wp-json\/wp\/v2\/pages\/1972"}],"wp:attachment":[{"href":"https:\/\/www.labaccessmed.ca\/fr\/wp-json\/wp\/v2\/media?parent=1940"}],"curies":[{"name":"wp","href":"https:\/\/api.w.org\/{rel}","templated":true}]}}